{"id":18,"date":"2022-06-07T07:35:21","date_gmt":"2022-06-07T07:35:21","guid":{"rendered":"https:\/\/nicktesting.kinsta.cloud\/shopdiko1\/?page_id=18"},"modified":"2026-04-07T22:43:10","modified_gmt":"2026-04-07T22:43:10","slug":"home-wooshop-v1","status":"publish","type":"page","link":"https:\/\/www.silvereconomycostarica.com\/","title":{"rendered":"Home"},"content":{"rendered":"\t\t<div data-elementor-type=\"wp-page\" data-elementor-id=\"18\" class=\"elementor elementor-18\">\n\t\t\t\t<div class=\"elementor-element elementor-element-c01398c e-con-full e-flex wpr-particle-no wpr-jarallax-no wpr-parallax-no wpr-sticky-section-no wpr-equal-height-no e-con e-parent\" data-id=\"c01398c\" data-element_type=\"container\" data-e-type=\"container\">\n\t\t\t\t<div class=\"elementor-element elementor-element-6432a3d elementor-widget elementor-widget-menu-anchor\" data-id=\"6432a3d\" data-element_type=\"widget\" data-e-type=\"widget\" data-widget_type=\"menu-anchor.default\">\n\t\t\t\t\t\t\t<div class=\"elementor-menu-anchor\" id=\"elevento\"><\/div>\n\t\t\t\t\t\t<\/div>\n\t\t\t\t<\/div>\n\t\t<div class=\"elementor-element elementor-element-94760e6 e-flex e-con-boxed wpr-particle-no wpr-jarallax-no wpr-parallax-no wpr-sticky-section-no wpr-equal-height-no e-con e-parent\" data-id=\"94760e6\" data-element_type=\"container\" data-e-type=\"container\">\n\t\t\t\t\t<div class=\"e-con-inner\">\n\t\t\t\t\t\t\t<h1 \n\t\tdata-interaction-id=\"2df9afb\" \n\t\tclass=\"e-2df9afb-3971a5e e-heading-base\" \n\t\t \n\t\t\n\t>\n\t\n\t\t\tEl Evento\n\t\t<\/h1>\n\t\t\t\t\t<\/div>\n\t\t\t\t<\/div>\n\t\t<div class=\"elementor-element elementor-element-0489369 e-grid e-con-boxed wpr-particle-no wpr-jarallax-no wpr-parallax-no wpr-sticky-section-no wpr-equal-height-no e-con e-parent\" data-id=\"0489369\" data-element_type=\"container\" data-e-type=\"container\">\n\t\t\t\t\t<div class=\"e-con-inner\">\n\t\t\t\t\t\t\t\t<p class=\"e-paragraph-base\" data-interaction-id=\"6e8c341\"  >\n\t\t\t\t\t\t\t\tExpo Silver Economy Costa Rica nace como una oportunidad de fomentar el di\u00e1logo nacional multisectorial alrededor del tema del envejecimiento digno como una oportunidad y una necesidad para generar bienestar, calidad de vida y prosperidad a Costa Rica.<br><br>Se contar\u00e1 con un programa interdisciplinario que profundizar\u00e1 en las distintas aristas a lo largo de tres d\u00edas, con la participaci\u00f3n de actores relevantes tanto a nivel p\u00fablico como privado y p\u00fablico en general.\n\t\t\t\t\t<\/p>\n\t\t\t\t<div class=\"elementor-element elementor-element-598ec49 e-con e-atomic-element e-flexbox-base e-598ec49-11ad06c\" data-id=\"598ec49\" data-element_type=\"e-flexbox\" data-e-type=\"e-flexbox\" data-interaction-id=\"598ec49\">\n\t\t\t\t\t\t\t<h5 \n\t\tdata-interaction-id=\"167bbb6\" \n\t\tclass=\"e-heading-base\" \n\t\t \n\t\t\n\t>\n\t\n\t\t\tEl tema ser\u00e1 visto y analizado desde las siguientes \u00f3pticas:<br><br>\n\t\t<\/h5>\n\t\t\t\t<div class=\"elementor-element elementor-element-2f7a539 elementor-icon-list--layout-traditional elementor-list-item-link-full_width elementor-widget elementor-widget-icon-list\" data-id=\"2f7a539\" data-element_type=\"widget\" data-e-type=\"widget\" data-widget_type=\"icon-list.default\">\n\t\t\t\t\t\t\t<ul class=\"elementor-icon-list-items\">\n\t\t\t\t\t\t\t<li class=\"elementor-icon-list-item\">\n\t\t\t\t\t\t\t\t\t\t\t<span class=\"elementor-icon-list-icon\">\n\t\t\t\t\t\t\t<svg aria-hidden=\"true\" class=\"e-font-icon-svg e-fas-check\" viewBox=\"0 0 512 512\" xmlns=\"http:\/\/www.w3.org\/2000\/svg\"><path d=\"M173.898 439.404l-166.4-166.4c-9.997-9.997-9.997-26.206 0-36.204l36.203-36.204c9.997-9.998 26.207-9.998 36.204 0L192 312.69 432.095 72.596c9.997-9.997 26.207-9.997 36.204 0l36.203 36.204c9.997 9.997 9.997 26.206 0 36.204l-294.4 294.401c-9.998 9.997-26.207 9.997-36.204-.001z\"><\/path><\/svg>\t\t\t\t\t\t<\/span>\n\t\t\t\t\t\t\t\t\t\t<span class=\"elementor-icon-list-text\">Respuesta y mandato estatal ante el inminente envejecimiento poblacional<\/span>\n\t\t\t\t\t\t\t\t\t<\/li>\n\t\t\t\t\t\t\t\t<li class=\"elementor-icon-list-item\">\n\t\t\t\t\t\t\t\t\t\t\t<span class=\"elementor-icon-list-icon\">\n\t\t\t\t\t\t\t<svg aria-hidden=\"true\" class=\"e-font-icon-svg e-fas-check\" viewBox=\"0 0 512 512\" xmlns=\"http:\/\/www.w3.org\/2000\/svg\"><path d=\"M173.898 439.404l-166.4-166.4c-9.997-9.997-9.997-26.206 0-36.204l36.203-36.204c9.997-9.998 26.207-9.998 36.204 0L192 312.69 432.095 72.596c9.997-9.997 26.207-9.997 36.204 0l36.203 36.204c9.997 9.997 9.997 26.206 0 36.204l-294.4 294.401c-9.998 9.997-26.207 9.997-36.204-.001z\"><\/path><\/svg>\t\t\t\t\t\t<\/span>\n\t\t\t\t\t\t\t\t\t\t<span class=\"elementor-icon-list-text\">Oferta actual y necesaria de servicios p\u00fablicos y privados para atender envejecimiento<\/span>\n\t\t\t\t\t\t\t\t\t<\/li>\n\t\t\t\t\t\t\t\t<li class=\"elementor-icon-list-item\">\n\t\t\t\t\t\t\t\t\t\t\t<span class=\"elementor-icon-list-icon\">\n\t\t\t\t\t\t\t<svg aria-hidden=\"true\" class=\"e-font-icon-svg e-fas-check\" viewBox=\"0 0 512 512\" xmlns=\"http:\/\/www.w3.org\/2000\/svg\"><path d=\"M173.898 439.404l-166.4-166.4c-9.997-9.997-9.997-26.206 0-36.204l36.203-36.204c9.997-9.998 26.207-9.998 36.204 0L192 312.69 432.095 72.596c9.997-9.997 26.207-9.997 36.204 0l36.203 36.204c9.997 9.997 9.997 26.206 0 36.204l-294.4 294.401c-9.998 9.997-26.207 9.997-36.204-.001z\"><\/path><\/svg>\t\t\t\t\t\t<\/span>\n\t\t\t\t\t\t\t\t\t\t<span class=\"elementor-icon-list-text\">Digno<\/span>\n\t\t\t\t\t\t\t\t\t<\/li>\n\t\t\t\t\t\t\t\t<li class=\"elementor-icon-list-item\">\n\t\t\t\t\t\t\t\t\t\t\t<span class=\"elementor-icon-list-icon\">\n\t\t\t\t\t\t\t<svg aria-hidden=\"true\" class=\"e-font-icon-svg e-fas-check\" viewBox=\"0 0 512 512\" xmlns=\"http:\/\/www.w3.org\/2000\/svg\"><path d=\"M173.898 439.404l-166.4-166.4c-9.997-9.997-9.997-26.206 0-36.204l36.203-36.204c9.997-9.998 26.207-9.998 36.204 0L192 312.69 432.095 72.596c9.997-9.997 26.207-9.997 36.204 0l36.203 36.204c9.997 9.997 9.997 26.206 0 36.204l-294.4 294.401c-9.998 9.997-26.207 9.997-36.204-.001z\"><\/path><\/svg>\t\t\t\t\t\t<\/span>\n\t\t\t\t\t\t\t\t\t\t<span class=\"elementor-icon-list-text\">Oportunidades de negocios<\/span>\n\t\t\t\t\t\t\t\t\t<\/li>\n\t\t\t\t\t\t\t\t<li class=\"elementor-icon-list-item\">\n\t\t\t\t\t\t\t\t\t\t\t<span class=\"elementor-icon-list-icon\">\n\t\t\t\t\t\t\t<svg aria-hidden=\"true\" class=\"e-font-icon-svg e-fas-check\" viewBox=\"0 0 512 512\" xmlns=\"http:\/\/www.w3.org\/2000\/svg\"><path d=\"M173.898 439.404l-166.4-166.4c-9.997-9.997-9.997-26.206 0-36.204l36.203-36.204c9.997-9.998 26.207-9.998 36.204 0L192 312.69 432.095 72.596c9.997-9.997 26.207-9.997 36.204 0l36.203 36.204c9.997 9.997 9.997 26.206 0 36.204l-294.4 294.401c-9.998 9.997-26.207 9.997-36.204-.001z\"><\/path><\/svg>\t\t\t\t\t\t<\/span>\n\t\t\t\t\t\t\t\t\t\t<span class=\"elementor-icon-list-text\">Entorno, infraestructura y movilidad<\/span>\n\t\t\t\t\t\t\t\t\t<\/li>\n\t\t\t\t\t\t\t\t<li class=\"elementor-icon-list-item\">\n\t\t\t\t\t\t\t\t\t\t\t<span class=\"elementor-icon-list-icon\">\n\t\t\t\t\t\t\t<svg aria-hidden=\"true\" class=\"e-font-icon-svg e-fas-check\" viewBox=\"0 0 512 512\" xmlns=\"http:\/\/www.w3.org\/2000\/svg\"><path d=\"M173.898 439.404l-166.4-166.4c-9.997-9.997-9.997-26.206 0-36.204l36.203-36.204c9.997-9.998 26.207-9.998 36.204 0L192 312.69 432.095 72.596c9.997-9.997 26.207-9.997 36.204 0l36.203 36.204c9.997 9.997 9.997 26.206 0 36.204l-294.4 294.401c-9.998 9.997-26.207 9.997-36.204-.001z\"><\/path><\/svg>\t\t\t\t\t\t<\/span>\n\t\t\t\t\t\t\t\t\t\t<span class=\"elementor-icon-list-text\">Comunidad, cultura y conexi\u00f3n<\/span>\n\t\t\t\t\t\t\t\t\t<\/li>\n\t\t\t\t\t\t\t\t<li class=\"elementor-icon-list-item\">\n\t\t\t\t\t\t\t\t\t\t\t<span class=\"elementor-icon-list-icon\">\n\t\t\t\t\t\t\t<svg aria-hidden=\"true\" class=\"e-font-icon-svg e-fas-check\" viewBox=\"0 0 512 512\" xmlns=\"http:\/\/www.w3.org\/2000\/svg\"><path d=\"M173.898 439.404l-166.4-166.4c-9.997-9.997-9.997-26.206 0-36.204l36.203-36.204c9.997-9.998 26.207-9.998 36.204 0L192 312.69 432.095 72.596c9.997-9.997 26.207-9.997 36.204 0l36.203 36.204c9.997 9.997 9.997 26.206 0 36.204l-294.4 294.401c-9.998 9.997-26.207 9.997-36.204-.001z\"><\/path><\/svg>\t\t\t\t\t\t<\/span>\n\t\t\t\t\t\t\t\t\t\t<span class=\"elementor-icon-list-text\">Costa Rica como hub de econom\u00eda plateada<\/span>\n\t\t\t\t\t\t\t\t\t<\/li>\n\t\t\t\t\t\t<\/ul>\n\t\t\t\t\t\t<\/div>\n\t\t\t\t<\/div>\n\t\t\t\t\t<\/div>\n\t\t\t\t<\/div>\n\t\t<div class=\"elementor-element elementor-element-ebb61b2 e-con-full e-flex wpr-particle-no wpr-jarallax-no wpr-parallax-no wpr-sticky-section-no wpr-equal-height-no e-con e-parent\" data-id=\"ebb61b2\" data-element_type=\"container\" data-e-type=\"container\">\n\t\t\t\t<div class=\"elementor-element elementor-element-7db7f02 elementor-widget elementor-widget-menu-anchor\" data-id=\"7db7f02\" data-element_type=\"widget\" data-e-type=\"widget\" data-widget_type=\"menu-anchor.default\">\n\t\t\t\t\t\t\t<div class=\"elementor-menu-anchor\" id=\"expositores\"><\/div>\n\t\t\t\t\t\t<\/div>\n\t\t\t\t<\/div>\n\t\t<div class=\"elementor-element elementor-element-e1d01bd e-flex e-con-boxed wpr-particle-no wpr-jarallax-no wpr-parallax-no wpr-sticky-section-no wpr-equal-height-no e-con e-parent\" data-id=\"e1d01bd\" data-element_type=\"container\" data-e-type=\"container\">\n\t\t\t\t\t<div class=\"e-con-inner\">\n\t\t\t\t\t\t\t<h2 \n\t\tdata-interaction-id=\"5bd20c3\" \n\t\tclass=\"e-5bd20c3-5bc2eab e-heading-base\" \n\t\t \n\t\t\n\t>\n\t\n\t\t\tExpositores\n\t\t<\/h2>\n\t\t\t\t\t<\/div>\n\t\t\t\t<\/div>\n\t\t<div class=\"elementor-element elementor-element-5494d1b e-flex e-con-boxed wpr-particle-no wpr-jarallax-no wpr-parallax-no wpr-sticky-section-no wpr-equal-height-no e-con e-parent\" data-id=\"5494d1b\" data-element_type=\"container\" data-e-type=\"container\">\n\t\t\t\t\t<div class=\"e-con-inner\">\n\t\t\t\t\t<\/div>\n\t\t\t\t<\/div>\n\t\t<div class=\"elementor-element elementor-element-e388ccf e-con-full e-flex wpr-particle-no wpr-jarallax-no wpr-parallax-no wpr-sticky-section-no wpr-equal-height-no e-con e-parent\" data-id=\"e388ccf\" data-element_type=\"container\" data-e-type=\"container\">\n\t\t\t\t<div class=\"elementor-element elementor-element-19048dd elementor-widget elementor-widget-menu-anchor\" data-id=\"19048dd\" data-element_type=\"widget\" data-e-type=\"widget\" data-widget_type=\"menu-anchor.default\">\n\t\t\t\t\t\t\t<div class=\"elementor-menu-anchor\" id=\"patrocinadores\"><\/div>\n\t\t\t\t\t\t<\/div>\n\t\t\t\t<\/div>\n\t\t<div class=\"elementor-element elementor-element-157652e e-flex e-con-boxed wpr-particle-no wpr-jarallax-no wpr-parallax-no wpr-sticky-section-no wpr-equal-height-no e-con e-parent\" data-id=\"157652e\" data-element_type=\"container\" data-e-type=\"container\">\n\t\t\t\t\t<div class=\"e-con-inner\">\n\t\t\t\t\t\t\t<h2 \n\t\tdata-interaction-id=\"1e6300a\" \n\t\tclass=\"e-1e6300a-8fc36d0 e-heading-base\" \n\t\t \n\t\t\n\t>\n\t\n\t\t\tPatrocinadores\n\t\t<\/h2>\n\t\t\t\t\t<\/div>\n\t\t\t\t<\/div>\n\t\t\t\t<section class=\"elementor-section elementor-top-section elementor-element elementor-element-bb0ced0 elementor-section-boxed elementor-section-height-default elementor-section-height-default wpr-particle-no wpr-jarallax-no wpr-parallax-no wpr-sticky-section-no wpr-equal-height-no\" data-id=\"bb0ced0\" data-element_type=\"section\" data-e-type=\"section\">\n\t\t\t\t\t\t<div class=\"elementor-container elementor-column-gap-wider\">\n\t\t\t\t\t<div class=\"elementor-column elementor-col-20 elementor-top-column elementor-element elementor-element-52460c6\" data-id=\"52460c6\" data-element_type=\"column\" data-e-type=\"column\">\n\t\t\t<div class=\"elementor-widget-wrap elementor-element-populated\">\n\t\t\t\t\t\t<div class=\"elementor-element elementor-element-1dede38 elementor-widget elementor-widget-image\" data-id=\"1dede38\" data-element_type=\"widget\" data-e-type=\"widget\" data-widget_type=\"image.default\">\n\t\t\t\t\t\t\t\t\t\t\t\t\t\t\t<img fetchpriority=\"high\" decoding=\"async\" width=\"810\" height=\"217\" src=\"https:\/\/www.silvereconomycostarica.com\/wp-content\/uploads\/2022\/06\/logo-7.png\" class=\"attachment-large size-large wp-image-443\" alt=\"\" srcset=\"https:\/\/www.silvereconomycostarica.com\/wp-content\/uploads\/2022\/06\/logo-7.png 810w, https:\/\/www.silvereconomycostarica.com\/wp-content\/uploads\/2022\/06\/logo-7-300x80.png 300w, https:\/\/www.silvereconomycostarica.com\/wp-content\/uploads\/2022\/06\/logo-7-768x206.png 768w, https:\/\/www.silvereconomycostarica.com\/wp-content\/uploads\/2022\/06\/logo-7-600x161.png 600w\" sizes=\"(max-width: 810px) 100vw, 810px\" \/>\t\t\t\t\t\t\t\t\t\t\t\t\t\t\t<\/div>\n\t\t\t\t\t<\/div>\n\t\t<\/div>\n\t\t\t\t<div class=\"elementor-column elementor-col-20 elementor-top-column elementor-element elementor-element-0d8a748\" data-id=\"0d8a748\" data-element_type=\"column\" data-e-type=\"column\">\n\t\t\t<div class=\"elementor-widget-wrap elementor-element-populated\">\n\t\t\t\t\t\t<div class=\"elementor-element elementor-element-ed81539 elementor-widget elementor-widget-image\" data-id=\"ed81539\" data-element_type=\"widget\" data-e-type=\"widget\" data-widget_type=\"image.default\">\n\t\t\t\t\t\t\t\t\t\t\t\t\t\t\t<img decoding=\"async\" width=\"596\" height=\"207\" src=\"https:\/\/www.silvereconomycostarica.com\/wp-content\/uploads\/2022\/06\/logo-4.png\" class=\"attachment-large size-large wp-image-439\" alt=\"\" srcset=\"https:\/\/www.silvereconomycostarica.com\/wp-content\/uploads\/2022\/06\/logo-4.png 596w, https:\/\/www.silvereconomycostarica.com\/wp-content\/uploads\/2022\/06\/logo-4-300x104.png 300w\" sizes=\"(max-width: 596px) 100vw, 596px\" \/>\t\t\t\t\t\t\t\t\t\t\t\t\t\t\t<\/div>\n\t\t\t\t\t<\/div>\n\t\t<\/div>\n\t\t\t\t<div class=\"elementor-column elementor-col-20 elementor-top-column elementor-element elementor-element-10d00b0\" data-id=\"10d00b0\" data-element_type=\"column\" data-e-type=\"column\">\n\t\t\t<div class=\"elementor-widget-wrap elementor-element-populated\">\n\t\t\t\t\t\t<div class=\"elementor-element elementor-element-639dfd0 elementor-widget elementor-widget-image\" data-id=\"639dfd0\" data-element_type=\"widget\" data-e-type=\"widget\" data-widget_type=\"image.default\">\n\t\t\t\t\t\t\t\t\t\t\t\t\t\t\t<img decoding=\"async\" width=\"832\" height=\"140\" src=\"https:\/\/www.silvereconomycostarica.com\/wp-content\/uploads\/2022\/06\/logo-6.png\" class=\"attachment-large size-large wp-image-441\" alt=\"\" srcset=\"https:\/\/www.silvereconomycostarica.com\/wp-content\/uploads\/2022\/06\/logo-6.png 832w, https:\/\/www.silvereconomycostarica.com\/wp-content\/uploads\/2022\/06\/logo-6-300x50.png 300w, https:\/\/www.silvereconomycostarica.com\/wp-content\/uploads\/2022\/06\/logo-6-768x129.png 768w, https:\/\/www.silvereconomycostarica.com\/wp-content\/uploads\/2022\/06\/logo-6-600x101.png 600w\" sizes=\"(max-width: 832px) 100vw, 832px\" \/>\t\t\t\t\t\t\t\t\t\t\t\t\t\t\t<\/div>\n\t\t\t\t\t<\/div>\n\t\t<\/div>\n\t\t\t\t<div class=\"elementor-column elementor-col-20 elementor-top-column elementor-element elementor-element-4f53fba\" data-id=\"4f53fba\" data-element_type=\"column\" data-e-type=\"column\">\n\t\t\t<div class=\"elementor-widget-wrap elementor-element-populated\">\n\t\t\t\t\t\t<div class=\"elementor-element elementor-element-ccd581c elementor-widget elementor-widget-image\" data-id=\"ccd581c\" data-element_type=\"widget\" data-e-type=\"widget\" data-widget_type=\"image.default\">\n\t\t\t\t\t\t\t\t\t\t\t\t\t\t\t<img loading=\"lazy\" decoding=\"async\" width=\"668\" height=\"182\" src=\"https:\/\/www.silvereconomycostarica.com\/wp-content\/uploads\/2022\/06\/logo-3.png\" class=\"attachment-large size-large wp-image-438\" alt=\"\" srcset=\"https:\/\/www.silvereconomycostarica.com\/wp-content\/uploads\/2022\/06\/logo-3.png 668w, https:\/\/www.silvereconomycostarica.com\/wp-content\/uploads\/2022\/06\/logo-3-300x82.png 300w, https:\/\/www.silvereconomycostarica.com\/wp-content\/uploads\/2022\/06\/logo-3-600x163.png 600w\" sizes=\"(max-width: 668px) 100vw, 668px\" \/>\t\t\t\t\t\t\t\t\t\t\t\t\t\t\t<\/div>\n\t\t\t\t\t<\/div>\n\t\t<\/div>\n\t\t\t\t<div class=\"elementor-column elementor-col-20 elementor-top-column elementor-element elementor-element-89963b9\" data-id=\"89963b9\" data-element_type=\"column\" data-e-type=\"column\">\n\t\t\t<div class=\"elementor-widget-wrap elementor-element-populated\">\n\t\t\t\t\t\t<div class=\"elementor-element elementor-element-653e193 elementor-widget elementor-widget-image\" data-id=\"653e193\" data-element_type=\"widget\" data-e-type=\"widget\" data-widget_type=\"image.default\">\n\t\t\t\t\t\t\t\t\t\t\t\t\t\t\t<img loading=\"lazy\" decoding=\"async\" width=\"708\" height=\"191\" src=\"https:\/\/www.silvereconomycostarica.com\/wp-content\/uploads\/2022\/06\/logo-5.png\" class=\"attachment-large size-large wp-image-440\" alt=\"\" srcset=\"https:\/\/www.silvereconomycostarica.com\/wp-content\/uploads\/2022\/06\/logo-5.png 708w, https:\/\/www.silvereconomycostarica.com\/wp-content\/uploads\/2022\/06\/logo-5-300x81.png 300w, https:\/\/www.silvereconomycostarica.com\/wp-content\/uploads\/2022\/06\/logo-5-600x162.png 600w\" sizes=\"(max-width: 708px) 100vw, 708px\" \/>\t\t\t\t\t\t\t\t\t\t\t\t\t\t\t<\/div>\n\t\t\t\t\t<\/div>\n\t\t<\/div>\n\t\t\t\t\t<\/div>\n\t\t<\/section>\n\t\t<div class=\"elementor-element elementor-element-7d001b8 e-con-full e-flex wpr-particle-no wpr-jarallax-no wpr-parallax-no wpr-sticky-section-no wpr-equal-height-no e-con e-parent\" data-id=\"7d001b8\" data-element_type=\"container\" data-e-type=\"container\">\n\t\t\t\t<div class=\"elementor-element elementor-element-c34c991 elementor-widget elementor-widget-menu-anchor\" data-id=\"c34c991\" data-element_type=\"widget\" data-e-type=\"widget\" data-widget_type=\"menu-anchor.default\">\n\t\t\t\t\t\t\t<div class=\"elementor-menu-anchor\" id=\"prensa\"><\/div>\n\t\t\t\t\t\t<\/div>\n\t\t\t\t<\/div>\n\t\t<div class=\"elementor-element elementor-element-a3e9088 e-flex e-con-boxed wpr-particle-no wpr-jarallax-no wpr-parallax-no wpr-sticky-section-no wpr-equal-height-no e-con e-parent\" data-id=\"a3e9088\" data-element_type=\"container\" data-e-type=\"container\">\n\t\t\t\t\t<div class=\"e-con-inner\">\n\t\t\t\t\t\t\t<h2 \n\t\tdata-interaction-id=\"1311e2b\" \n\t\tclass=\"e-1311e2b-40f29a9 e-heading-base\" \n\t\t \n\t\t\n\t>\n\t\n\t\t\tPrensa\n\t\t<\/h2>\n\t\t\t\t\t<\/div>\n\t\t\t\t<\/div>\n\t\t<div class=\"elementor-element elementor-element-3c0348c e-flex e-con-boxed wpr-particle-no wpr-jarallax-no wpr-parallax-no wpr-sticky-section-no wpr-equal-height-no e-con e-parent\" data-id=\"3c0348c\" data-element_type=\"container\" data-e-type=\"container\">\n\t\t\t\t\t<div class=\"e-con-inner\">\n\t\t\t\t\t<\/div>\n\t\t\t\t<\/div>\n\t\t\t\t<section class=\"elementor-section elementor-top-section elementor-element elementor-element-dcd45f0 elementor-section-height-min-height elementor-section-boxed elementor-section-height-default elementor-section-items-middle wpr-particle-no wpr-jarallax-no wpr-parallax-no wpr-sticky-section-no wpr-equal-height-no\" data-id=\"dcd45f0\" data-element_type=\"section\" data-e-type=\"section\">\n\t\t\t\t\t\t<div class=\"elementor-container elementor-column-gap-default\">\n\t\t\t\t\t<div class=\"elementor-column elementor-col-33 elementor-top-column elementor-element elementor-element-128857f\" data-id=\"128857f\" data-element_type=\"column\" data-e-type=\"column\">\n\t\t\t<div class=\"elementor-widget-wrap elementor-element-populated\">\n\t\t\t\t\t\t<div class=\"elementor-element elementor-element-8320b30 elementor-position-left elementor-vertical-align-top elementor-widget elementor-widget-image-box\" data-id=\"8320b30\" data-element_type=\"widget\" data-e-type=\"widget\" data-widget_type=\"image-box.default\">\n\t\t\t\t\t<div class=\"elementor-image-box-wrapper\"><figure class=\"elementor-image-box-img\"><img loading=\"lazy\" decoding=\"async\" width=\"329\" height=\"329\" src=\"https:\/\/www.silvereconomycostarica.com\/wp-content\/uploads\/2022\/06\/icon-4-2.png\" class=\"attachment-full size-full wp-image-248\" alt=\"\" srcset=\"https:\/\/www.silvereconomycostarica.com\/wp-content\/uploads\/2022\/06\/icon-4-2.png 329w, https:\/\/www.silvereconomycostarica.com\/wp-content\/uploads\/2022\/06\/icon-4-2-300x300.png 300w, https:\/\/www.silvereconomycostarica.com\/wp-content\/uploads\/2022\/06\/icon-4-2-150x150.png 150w, https:\/\/www.silvereconomycostarica.com\/wp-content\/uploads\/2022\/06\/icon-4-2-100x100.png 100w\" sizes=\"(max-width: 329px) 100vw, 329px\" \/><\/figure><div class=\"elementor-image-box-content\"><h3 class=\"elementor-image-box-title\">Quick Payment<\/h3><p class=\"elementor-image-box-description\">100% Secure Payment<\/p><\/div><\/div>\t\t\t\t<\/div>\n\t\t\t\t\t<\/div>\n\t\t<\/div>\n\t\t\t\t<div class=\"elementor-column elementor-col-33 elementor-top-column elementor-element elementor-element-61ecae8\" data-id=\"61ecae8\" data-element_type=\"column\" data-e-type=\"column\">\n\t\t\t<div class=\"elementor-widget-wrap elementor-element-populated\">\n\t\t\t\t\t\t<div class=\"elementor-element elementor-element-c5418a2 elementor-position-left elementor-vertical-align-top elementor-widget elementor-widget-image-box\" data-id=\"c5418a2\" data-element_type=\"widget\" data-e-type=\"widget\" data-widget_type=\"image-box.default\">\n\t\t\t\t\t<div class=\"elementor-image-box-wrapper\"><figure class=\"elementor-image-box-img\"><img loading=\"lazy\" decoding=\"async\" width=\"329\" height=\"329\" src=\"https:\/\/www.silvereconomycostarica.com\/wp-content\/uploads\/2022\/06\/icon-3-2.png\" class=\"attachment-full size-full wp-image-249\" alt=\"\" srcset=\"https:\/\/www.silvereconomycostarica.com\/wp-content\/uploads\/2022\/06\/icon-3-2.png 329w, https:\/\/www.silvereconomycostarica.com\/wp-content\/uploads\/2022\/06\/icon-3-2-300x300.png 300w, https:\/\/www.silvereconomycostarica.com\/wp-content\/uploads\/2022\/06\/icon-3-2-150x150.png 150w, https:\/\/www.silvereconomycostarica.com\/wp-content\/uploads\/2022\/06\/icon-3-2-100x100.png 100w\" sizes=\"(max-width: 329px) 100vw, 329px\" \/><\/figure><div class=\"elementor-image-box-content\"><h3 class=\"elementor-image-box-title\">24\/7 Support<\/h3><p class=\"elementor-image-box-description\">Ready For You<\/p><\/div><\/div>\t\t\t\t<\/div>\n\t\t\t\t\t<\/div>\n\t\t<\/div>\n\t\t\t\t<div class=\"elementor-column elementor-col-33 elementor-top-column elementor-element elementor-element-acab77b\" data-id=\"acab77b\" data-element_type=\"column\" data-e-type=\"column\">\n\t\t\t<div class=\"elementor-widget-wrap elementor-element-populated\">\n\t\t\t\t\t\t<div class=\"elementor-element elementor-element-151e649 elementor-position-left elementor-vertical-align-top elementor-widget elementor-widget-image-box\" data-id=\"151e649\" data-element_type=\"widget\" data-e-type=\"widget\" data-widget_type=\"image-box.default\">\n\t\t\t\t\t<div class=\"elementor-image-box-wrapper\"><figure class=\"elementor-image-box-img\"><img loading=\"lazy\" decoding=\"async\" width=\"329\" height=\"329\" src=\"https:\/\/www.silvereconomycostarica.com\/wp-content\/uploads\/2022\/06\/icon-1.png\" class=\"attachment-full size-full wp-image-250\" alt=\"\" srcset=\"https:\/\/www.silvereconomycostarica.com\/wp-content\/uploads\/2022\/06\/icon-1.png 329w, https:\/\/www.silvereconomycostarica.com\/wp-content\/uploads\/2022\/06\/icon-1-300x300.png 300w, https:\/\/www.silvereconomycostarica.com\/wp-content\/uploads\/2022\/06\/icon-1-150x150.png 150w, https:\/\/www.silvereconomycostarica.com\/wp-content\/uploads\/2022\/06\/icon-1-100x100.png 100w\" sizes=\"(max-width: 329px) 100vw, 329px\" \/><\/figure><div class=\"elementor-image-box-content\"><h3 class=\"elementor-image-box-title\">Money Return<\/h3><p class=\"elementor-image-box-description\">Back Under 7 Days<\/p><\/div><\/div>\t\t\t\t<\/div>\n\t\t\t\t\t<\/div>\n\t\t<\/div>\n\t\t\t\t\t<\/div>\n\t\t<\/section>\n\t\t\t\t<\/div>\n\t\t","protected":false},"excerpt":{"rendered":"<p>El Evento Expo Silver Economy Costa Rica nace como una oportunidad de fomentar el di\u00e1logo nacional multisectorial alrededor del tema del envejecimiento digno como una oportunidad y una necesidad para generar bienestar, calidad de vida y prosperidad a Costa Rica. Se contar\u00e1 con un programa interdisciplinario que profundizar\u00e1 en las distintas aristas a lo largo de tres d\u00edas, con la participaci\u00f3n de actores relevantes tanto a nivel p\u00fablico como privado y p\u00fablico en general. El tema ser\u00e1 visto y analizado desde las siguientes \u00f3pticas: Respuesta y mandato estatal ante el inminente envejecimiento poblacional Oferta actual y necesaria de servicios p\u00fablicos y privados para atender envejecimiento Digno Oportunidades de negocios Entorno, infraestructura y movilidad Comunidad, cultura y conexi\u00f3n Costa Rica como hub de econom\u00eda plateada Expositores Patrocinadores Prensa Quick Payment 100% Secure Payment 24\/7 Support Ready For You Money Return Back Under 7 Days<\/p>\n","protected":false},"author":1,"featured_media":0,"parent":0,"menu_order":0,"comment_status":"closed","ping_status":"closed","template":"elementor_canvas","meta":{"footnotes":""},"class_list":["post-18","page","type-page","status-publish","hentry"],"_links":{"self":[{"href":"https:\/\/www.silvereconomycostarica.com\/index.php?rest_route=\/wp\/v2\/pages\/18","targetHints":{"allow":["GET"]}}],"collection":[{"href":"https:\/\/www.silvereconomycostarica.com\/index.php?rest_route=\/wp\/v2\/pages"}],"about":[{"href":"https:\/\/www.silvereconomycostarica.com\/index.php?rest_route=\/wp\/v2\/types\/page"}],"author":[{"embeddable":true,"href":"https:\/\/www.silvereconomycostarica.com\/index.php?rest_route=\/wp\/v2\/users\/1"}],"replies":[{"embeddable":true,"href":"https:\/\/www.silvereconomycostarica.com\/index.php?rest_route=%2Fwp%2Fv2%2Fcomments&post=18"}],"version-history":[{"count":15,"href":"https:\/\/www.silvereconomycostarica.com\/index.php?rest_route=\/wp\/v2\/pages\/18\/revisions"}],"predecessor-version":[{"id":2170,"href":"https:\/\/www.silvereconomycostarica.com\/index.php?rest_route=\/wp\/v2\/pages\/18\/revisions\/2170"}],"wp:attachment":[{"href":"https:\/\/www.silvereconomycostarica.com\/index.php?rest_route=%2Fwp%2Fv2%2Fmedia&parent=18"}],"curies":[{"name":"wp","href":"https:\/\/api.w.org\/{rel}","templated":true}]}}